{"id":517,"date":"2023-11-21T07:31:59","date_gmt":"2023-11-21T07:31:59","guid":{"rendered":"https:\/\/2023.gscrossen.de\/?page_id=517"},"modified":"2024-01-13T12:41:02","modified_gmt":"2024-01-13T12:41:02","slug":"impressum","status":"publish","type":"page","link":"https:\/\/gscrossen.de\/?page_id=517","title":{"rendered":"Impressum"},"content":{"rendered":"<div class=\"wpb-content-wrapper\"><p>[vc_row css=&#8221;.vc_custom_1699873096877{background-color: rgba(255,255,255,0.86) !important;*background-color: rgb(255,255,255) !important;}&#8221;][vc_column][vc_row_inner][vc_column_inner][vc_custom_heading text=&#8221;<em>IMPRESSUM<\/em>&#8221; use_theme_fonts=&#8221;yes&#8221; el_class=&#8221;highlight-text&#8221; css=&#8221;.vc_custom_1700552120147{margin-bottom: 9px !important;}&#8221;][\/vc_column_inner][\/vc_row_inner][vc_row_inner][vc_column_inner][vc_empty_space height=&#8221;2em&#8221;][\/vc_column_inner][\/vc_row_inner][vc_row_inner][vc_column_inner width=&#8221;1\/2&#8243;][vc_column_text]<\/p>\n<div class=\"vc_col-sm-6 wpb_column vc_column_container \">\n<div class=\"wpb_wrapper\">\n<div class=\"wpb_text_column wpb_content_element \">\n<div class=\"wpb_wrapper\">\n<h2>Angaben gem\u00e4\u00df \u00a75 TMG<\/h2>\n<p>Grundschule Crossen<\/p>\n<p>Schneppendorfer Str. 14<br \/>\n08058 Zwickau<\/p>\n<p><strong>E-Mail:<\/strong> <span id=\"cloak95230\"><a href=\"mailto:grundschule-crossen@t-online.de\">grundschule-crossen@t-online.de<\/a><\/span><\/p>\n<p><strong>Telefon<\/strong> 0375\/478035<\/p>\n<p><strong>Fax<\/strong> 0375\/4401944<\/p>\n<p><strong>Schulleitung:<\/strong> Frau Katrin Baehr<\/p>\n<p><strong>Schultr\u00e4ger:<\/strong> Stadt Zwickau<\/p>\n<p><strong>Verantwortlich f\u00fcr den Inhalt:<\/strong>\u00a0 Frau Katrin Baehr<\/p>\n<p><strong>Gestaltung:<\/strong><br \/>\nJennifer Thoms<br \/>\n<a href=\"http:\/\/www.dt-service.net\" target=\"_blank\" rel=\"noopener\">www.dt-service.net<\/a><\/p>\n<p><strong>Bilder:<\/strong><\/p>\n<p><a href=\"http:\/\/www.freepik.com\">Freepik<\/a><\/p>\n<p><a href=\"http:\/\/www.freepik.com\">Designed by Kstudio \/ Freepik<\/a><\/p>\n<p>eigene Bilder<\/p>\n<\/div>\n<\/div>\n<\/div>\n<\/div>\n<p>[\/vc_column_text][\/vc_column_inner][vc_column_inner width=&#8221;1\/2&#8243;][vc_column_text]<\/p>\n<div class=\"vc_col-sm-6 wpb_column vc_column_container \">\n<div class=\"wpb_wrapper\">\n<div class=\"wpb_text_column wpb_content_element \">\n<div class=\"wpb_wrapper\">\n<p><strong>Anschrift:<\/strong><\/p>\n<p>Grundschule Crossen<br \/>\nSchneppendorfer Str. 14<br \/>\n08058 Zwickau<\/p>\n<p><strong>An folgenden Tagen ist das Sekretariat besetzt<\/strong><\/p>\n<p>Montag 7:00 \u2013 14:30 Uhr<\/p>\n<p>Dienstag: \u2013<\/p>\n<p>Mittwoch 7:00 \u2013 14:30 Uhr<\/p>\n<p>Donnerstag 11:30 \u2013 14:30 Uhr<\/p>\n<p>Freitag 7:00 \u2013 11:30 Uhr<\/p>\n<\/div>\n<\/div>\n<\/div>\n<\/div>\n<p>[\/vc_column_text][\/vc_column_inner][\/vc_row_inner][vc_row_inner][vc_column_inner][vc_column_text]<\/p>\n<div class=\" vc_row655c5d6316516 vc_row wpb_row \">\n<div class=\"container\">\n<div class=\"row\">\n<div class=\"vc_col-sm-12 wpb_column vc_column_container \">\n<div class=\"wpb_wrapper\">\n<div class=\"wpb_text_column wpb_content_element \">\n<div class=\"wpb_wrapper\">\n<p><strong>Haftung f\u00fcr Inhalte:<\/strong><br \/>\nAls Diensteanbieter sind wir gem\u00e4\u00df \u00a7 7 Abs.1 TMG f\u00fcr eigene Inhalte auf diesen Seiten nach den allgemeinen Gesetzen verantwortlich.<br \/>\nNach \u00a7\u00a7 8 bis 10 TMG sind wir als Diensteanbieter jedoch nicht verpflichtet, \u00fcbermittelte oder gespeicherte fremde Informationen zu \u00fcberwachen oder nach<br \/>\nUmst\u00e4nden zu forschen, die auf eine rechtswidrige T\u00e4tigkeit hinweisen.<br \/>\nVerpflichtungen zur Entfernung oder Sperrung der Nutzung von Informationen nach den allgemeinen Gesetzen bleiben hiervon unber\u00fchrt.<br \/>\nEine diesbez\u00fcgliche Haftung ist jedoch erst ab dem Zeitpunkt der Kenntnis einer konkreten Rechtsverletzung m\u00f6glich.<br \/>\nBei Bekanntwerden von entsprechenden Rechtsverletzungen werden wir diese Inhalte umgehend entfernen.<\/p>\n<p><strong>Haftung f\u00fcr Links:<\/strong><br \/>\nUnser Angebot enth\u00e4lt Links zu externen Webseiten Dritter, auf deren Inhalte wir keinen Einfluss haben.<br \/>\nDeshalb k\u00f6nnen wir f\u00fcr diese fremden Inhalte auch keine Gew\u00e4hr \u00fcbernehmen.<br \/>\nF\u00fcr die Inhalte der verlinkten Seiten ist stets der jeweilige Anbieter oder Betreiber der Seiten verantwortlich.<br \/>\nDie verlinkten Seiten wurden zum Zeitpunkt der Verlinkung auf m\u00f6gliche Rechtsverst\u00f6\u00dfe \u00fcberpr\u00fcft.<br \/>\nRechtswidrige Inhalte waren zum Zeitpunkt der Verlinkung nicht erkennbar.<br \/>\nEine permanente inhaltliche Kontrolle der verlinkten Seiten ist jedoch ohne konkrete Anhaltspunkte einer Rechtsverletzung nicht zumutbar.<br \/>\nBei Bekanntwerden von Rechtsverletzungen werden wir derartige Links umgehend entfernen.<\/p>\n<\/div>\n<\/div>\n<\/div>\n<\/div>\n<\/div>\n<\/div>\n<\/div>\n<p>[\/vc_column_text][\/vc_column_inner][\/vc_row_inner][\/vc_column][\/vc_row]<\/p>\n<\/div>","protected":false},"excerpt":{"rendered":"<p>[vc_row css=&#8221;.vc_custom_1699873096877{background-color: rgba(255,255,255,0.86) !important;*background-color: rgb(255,255,255) !important;}&#8221;][vc_column][vc_row_inner][vc_column_inner][vc_custom_heading text=&#8221;IMPRESSUM&#8221; use_theme_fonts=&#8221;yes&#8221; el_class=&#8221;highlight-text&#8221; css=&#8221;.vc_custom_1700552120147{margin-bottom: 9px !important;}&#8221;][\/vc_column_inner][\/vc_row_inner][vc_row_inner][vc_column_inner][vc_empty_space height=&#8221;2em&#8221;][\/vc_column_inner][\/vc_row_inner][vc_row_inner][vc_column_inner width=&#8221;1\/2&#8243;][vc_column_text] Angaben gem\u00e4\u00df \u00a75 TMG Grundschule Crossen Schneppendorfer Str. 14 08058 Zwickau E-Mail: grundschule-crossen@t-online.de Telefon 0375\/478035 Fax 0375\/4401944 Schulleitung: Frau Katrin Baehr Schultr\u00e4ger: Stadt Zwickau Verantwortlich f\u00fcr den Inhalt:\u00a0 Frau Katrin Baehr Gestaltung: Jennifer Thoms www.dt-service.net Bilder:&nbsp;<a href=\"https:\/\/gscrossen.de\/?page_id=517\">&hellip;<\/a><\/p>\n","protected":false},"author":1,"featured_media":0,"parent":0,"menu_order":0,"comment_status":"closed","ping_status":"closed","template":"template-fullwidth.php","meta":{"_acf_changed":false,"footnotes":""},"class_list":["post-517","page","type-page","status-publish","hentry","odd"],"acf":[],"_links":{"self":[{"href":"https:\/\/gscrossen.de\/index.php?rest_route=\/wp\/v2\/pages\/517","targetHints":{"allow":["GET"]}}],"collection":[{"href":"https:\/\/gscrossen.de\/index.php?rest_route=\/wp\/v2\/pages"}],"about":[{"href":"https:\/\/gscrossen.de\/index.php?rest_route=\/wp\/v2\/types\/page"}],"author":[{"embeddable":true,"href":"https:\/\/gscrossen.de\/index.php?rest_route=\/wp\/v2\/users\/1"}],"replies":[{"embeddable":true,"href":"https:\/\/gscrossen.de\/index.php?rest_route=%2Fwp%2Fv2%2Fcomments&post=517"}],"version-history":[{"count":4,"href":"https:\/\/gscrossen.de\/index.php?rest_route=\/wp\/v2\/pages\/517\/revisions"}],"predecessor-version":[{"id":2929,"href":"https:\/\/gscrossen.de\/index.php?rest_route=\/wp\/v2\/pages\/517\/revisions\/2929"}],"wp:attachment":[{"href":"https:\/\/gscrossen.de\/index.php?rest_route=%2Fwp%2Fv2%2Fmedia&parent=517"}],"curies":[{"name":"wp","href":"https:\/\/api.w.org\/{rel}","templated":true}]}}