{"id":2668,"date":"2023-11-23T07:38:48","date_gmt":"2023-11-23T07:38:48","guid":{"rendered":"https:\/\/2023.gscrossen.de\/?page_id=2668"},"modified":"2023-11-23T07:54:15","modified_gmt":"2023-11-23T07:54:15","slug":"foerderverein","status":"publish","type":"page","link":"https:\/\/gscrossen.de\/?page_id=2668","title":{"rendered":"F\u00f6rderverein"},"content":{"rendered":"<div class=\"wpb-content-wrapper\"><p>[vc_row css=&#8221;.vc_custom_1699873096877{background-color: rgba(255,255,255,0.86) !important;*background-color: rgb(255,255,255) !important;}&#8221;][vc_column][vc_row_inner][vc_column_inner][vc_single_image image=&#8221;375&#8243; img_size=&#8221;full&#8221;][\/vc_column_inner][\/vc_row_inner][vc_row_inner][vc_column_inner width=&#8221;1\/2&#8243;][vc_custom_heading text=&#8221;<em>UNSER<\/em> F\u00d6RDERVEREIN&#8221; use_theme_fonts=&#8221;yes&#8221; el_class=&#8221;highlight-text&#8221; css=&#8221;.vc_custom_1700724881639{margin-bottom: 9px !important;}&#8221;][\/vc_column_inner][\/vc_row_inner][vc_row_inner][vc_column_inner][vc_column_text]<\/p>\n<blockquote>\n<p class=\"jws-title-separator \" style=\"text-align: center;\"><strong>Der Verein &#8211; &#8220;Freunde und F\u00f6rderer der Grundschule Crossen&#8221;e.V.<\/strong><\/p>\n<\/blockquote>\n<p>[\/vc_column_text][vc_column_text]<\/p>\n<p style=\"text-align: center;\">Grundschule Crossen<br \/>\nSchneppendorfer Str. 14<br \/>\n08058 Zwickau<\/p>\n<p style=\"text-align: center;\">Tel. 0375\/47 80 35<br \/>\nE-Mail:grundschule-crossen@t-online.de<\/p>\n<p style=\"text-align: center;\"><em>Eintragung als gemeinn\u00fctziger Verein <\/em><br \/>\n<em>beim Amtsgericht Zwickau<\/em><br \/>\n<em>(Reg.-Nr. 1471) seit dem 01.08.2002<\/em><\/p>\n<p>[\/vc_column_text][\/vc_column_inner][\/vc_row_inner][vc_row_inner][vc_column_inner width=&#8221;1\/2&#8243;][vc_column_text]<\/p>\n<h4>Die Gr\u00fcndung<\/h4>\n<p>Die Gr\u00fcndung des Vereins erfolgte im Jahr 2002 nach dem Hochwasser.<br \/>\nDie Gr\u00fcndungsmitglieder verfolgten das ehrgeizige Ziel, Spenden zur Behebung des Sachschadens durch das Hochwasser zu sammeln.<\/p>\n<h4>Unsere Ziele<\/h4>\n<p>Die Mitglieder (Eltern, Lehrer, und interessierte Mitb\u00fcrger) tragen durch ihre Zusammenarbeit zu einer weiteren St\u00e4rkung des Gemeinschaftsgef\u00fchls bei. Die vorhandenen Gelder werden zur Unterst\u00fctzung des Schulalltags verwendet.<br \/>\nIn den vorangegangenen Schuljahren leistete der Verein u.a. finanzielle Unterst\u00fctzung bei unterschiedlichen Projekten, Sch\u00fclerfahrten und zus\u00e4tzlichen Unterrichtmaterialien.<\/p>\n<h4>Mitgliedschaft im Verein<\/h4>\n<p>Mitglied kann jeder Interessierte werden, selbst wenn er\/ sie kein Kind an der GS Crossen hat. Der Mitgliedsbeitrag betr\u00e4gt mindestens 12,00 \u20ac im Jahr. N\u00e4heres zu einer Mitgliedschaft erfahren Sie unverbindlich an der Grundschule Crossen.<\/p>\n<p><strong>Kontodaten f\u00fcr Beitrags\u00fcberweisungen:<\/strong><\/p>\n<p>\u201eFreunde und F\u00f6rderer der Grundschule Crossen\u201ce.V.<\/p>\n<p>Bankverbindung: Sparkasse Zwickau<\/p>\n<p>IBAN:DE46870550002215001405<\/p>\n<p>BIC:WELADED1ZWI[\/vc_column_text][\/vc_column_inner][vc_column_inner width=&#8221;1\/2&#8243;][vc_column_text]<\/p>\n<h4>Vorstand des F\u00f6rdervereins<\/h4>\n<p><strong>1.Vorsitzende:<\/strong><\/p>\n<p>Katrin Baehr, Grundschulrektorin<\/p>\n<p><strong>2. Vorsitzende und Stellvertreterin:<\/strong><\/p>\n<p>Anette Dietze, Lehrerin an der GS Crossen<\/p>\n<p><strong>Schatzmeisterin:<\/strong><\/p>\n<p>Frau Sandra Reichardt<\/p>\n<p><strong>Schriftf\u00fchrerin:<\/strong><\/p>\n<p>Frau Jacqueline Bugner[\/vc_column_text][\/vc_column_inner][\/vc_row_inner][\/vc_column][\/vc_row]<\/p>\n<\/div>","protected":false},"excerpt":{"rendered":"<p>[vc_row css=&#8221;.vc_custom_1699873096877{background-color: rgba(255,255,255,0.86) !important;*background-color: rgb(255,255,255) !important;}&#8221;][vc_column][vc_row_inner][vc_column_inner][vc_single_image image=&#8221;375&#8243; img_size=&#8221;full&#8221;][\/vc_column_inner][\/vc_row_inner][vc_row_inner][vc_column_inner width=&#8221;1\/2&#8243;][vc_custom_heading text=&#8221;UNSER F\u00d6RDERVEREIN&#8221; use_theme_fonts=&#8221;yes&#8221; el_class=&#8221;highlight-text&#8221; css=&#8221;.vc_custom_1700724881639{margin-bottom: 9px !important;}&#8221;][\/vc_column_inner][\/vc_row_inner][vc_row_inner][vc_column_inner][vc_column_text] Der Verein &#8211; &#8220;Freunde und F\u00f6rderer der Grundschule Crossen&#8221;e.V. [\/vc_column_text][vc_column_text] Grundschule Crossen Schneppendorfer Str. 14 08058 Zwickau Tel. 0375\/47 80 35 E-Mail:grundschule-crossen@t-online.de Eintragung als gemeinn\u00fctziger Verein beim Amtsgericht Zwickau (Reg.-Nr. 1471) seit dem 01.08.2002&nbsp;<a href=\"https:\/\/gscrossen.de\/?page_id=2668\">&hellip;<\/a><\/p>\n","protected":false},"author":1,"featured_media":0,"parent":0,"menu_order":0,"comment_status":"closed","ping_status":"closed","template":"template-fullwidth.php","meta":{"_acf_changed":false,"footnotes":""},"class_list":["post-2668","page","type-page","status-publish","hentry","odd"],"acf":[],"_links":{"self":[{"href":"https:\/\/gscrossen.de\/index.php?rest_route=\/wp\/v2\/pages\/2668","targetHints":{"allow":["GET"]}}],"collection":[{"href":"https:\/\/gscrossen.de\/index.php?rest_route=\/wp\/v2\/pages"}],"about":[{"href":"https:\/\/gscrossen.de\/index.php?rest_route=\/wp\/v2\/types\/page"}],"author":[{"embeddable":true,"href":"https:\/\/gscrossen.de\/index.php?rest_route=\/wp\/v2\/users\/1"}],"replies":[{"embeddable":true,"href":"https:\/\/gscrossen.de\/index.php?rest_route=%2Fwp%2Fv2%2Fcomments&post=2668"}],"version-history":[{"count":7,"href":"https:\/\/gscrossen.de\/index.php?rest_route=\/wp\/v2\/pages\/2668\/revisions"}],"predecessor-version":[{"id":2675,"href":"https:\/\/gscrossen.de\/index.php?rest_route=\/wp\/v2\/pages\/2668\/revisions\/2675"}],"wp:attachment":[{"href":"https:\/\/gscrossen.de\/index.php?rest_route=%2Fwp%2Fv2%2Fmedia&parent=2668"}],"curies":[{"name":"wp","href":"https:\/\/api.w.org\/{rel}","templated":true}]}}