{"id":2629,"date":"2023-11-21T10:07:02","date_gmt":"2023-11-21T10:07:02","guid":{"rendered":"https:\/\/2023.gscrossen.de\/?page_id=2629"},"modified":"2024-01-12T05:11:37","modified_gmt":"2024-01-12T05:11:37","slug":"schulgebaeude","status":"publish","type":"page","link":"https:\/\/gscrossen.de\/?page_id=2629","title":{"rendered":"Schulgeb\u00e4ude"},"content":{"rendered":"<div class=\"wpb-content-wrapper\"><p>[vc_row css=&#8221;.vc_custom_1699873096877{background-color: rgba(255,255,255,0.86) !important;*background-color: rgb(255,255,255) !important;}&#8221;][vc_column][vc_row_inner][vc_column_inner][vc_single_image image=&#8221;375&#8243; img_size=&#8221;full&#8221;][\/vc_column_inner][\/vc_row_inner][vc_row_inner][vc_column_inner width=&#8221;1\/2&#8243;][vc_custom_heading text=&#8221;<em>UNSERE<\/em> SCHULE&#8221; use_theme_fonts=&#8221;yes&#8221; el_class=&#8221;highlight-text&#8221; css=&#8221;.vc_custom_1700562111286{margin-bottom: 9px !important;}&#8221;][\/vc_column_inner][vc_column_inner width=&#8221;1\/2&#8243;][vc_custom_heading text=&#8221;Nach der langwierigen Sanierung unseres Schulgeb\u00e4udes ab 2019 und des Au\u00dfengel\u00e4ndes in Zusammenhang mit der Neuerrichtung des chicen Hortanbaus entstand ebenso ein tolles Au\u00dfengel\u00e4nde . Dieses wird von unserer Sch\u00fclerschaft am Vormittag und nat\u00fcrlich w\u00e4hrend des Hortbetriebes mit Freude genutzt und es kommt immer mehr an Spiel-und Freizeitger\u00e4ten hinzu.&#8221; font_container=&#8221;tag:p|font_size:16px|text_align:left|line_height:27px&#8221; use_theme_fonts=&#8221;yes&#8221;][\/vc_column_inner][\/vc_row_inner][vc_row_inner][vc_column_inner][vc_empty_space height=&#8221;2em&#8221;][\/vc_column_inner][\/vc_row_inner][vc_row_inner css=&#8221;.vc_custom_1699614998211{background-color: #83c9c9 !important;}&#8221;][vc_column_inner width=&#8221;1\/2&#8243;][vc_custom_heading text=&#8221;Lerni&#8221; font_container=&#8221;tag:p|font_size:30px|text_align:left|color:%23000000&#8243; use_theme_fonts=&#8221;yes&#8221; el_class=&#8221;line-before&#8221; css=&#8221;.vc_custom_1701243856634{margin-bottom: 21px !important;}&#8221;][vc_column_text el_class=&#8221;schrift_bunt&#8221;]Unser Schulmaskottchen \u201eLerni \u201c\u00a0 wurde im Rahmen eines Wettbewerbes 2009 von einer Sch\u00fclerin kreiert und befindet sich seitdem \u00fcber unserem Haupteingang als gro\u00dfes Bild.<\/p>\n<p>Auf der R\u00fcckseite des Schulgeb\u00e4udes enstanden nach der Teilsanierung die modernen und kindgerechten Zeichnungen.<\/p>\n<p>Hier zeigen wir einige Bilder , die w\u00e4hrend der Sanierungsarbeiten entstanden.<\/p>\n<p>[\/vc_column_text][vc_gallery interval=&#8221;3&#8243; images=&#8221;2880,2879,2877,2876,2872&#8243; img_size=&#8221;large&#8221;][\/vc_column_inner][vc_column_inner width=&#8221;1\/2&#8243;][vc_images_carousel images=&#8221;2316,2643,2317,2642,2918&#8243; img_size=&#8221;full&#8221; autoplay=&#8221;yes&#8221;][\/vc_column_inner][\/vc_row_inner][vc_row_inner][vc_column_inner width=&#8221;1\/2&#8243;][vc_custom_heading text=&#8221;Bunt geschm\u00fcckt&#8221; font_container=&#8221;tag:p|font_size:30px|text_align:left|color:%23000000&#8243; use_theme_fonts=&#8221;yes&#8221; el_class=&#8221;line-before&#8221; css=&#8221;.vc_custom_1701243875498{margin-bottom: 21px !important;}&#8221;][vc_column_text el_class=&#8221;schrift_bunt&#8221;]Unser Schulhaus ist immer toll geschm\u00fcckt, passend zur Jahreszeit.[\/vc_column_text][\/vc_column_inner][\/vc_row_inner][vc_tta_tabs][vc_tta_section title=&#8221;Allgemein&#8221; tab_id=&#8221;1701242166791-3b6626b1-9e56&#8243;][vc_gallery type=&#8221;image_grid&#8221; images=&#8221;2411,2416,2415,2417,2412,2853,2292,1223,1196,1162,1227&#8243; img_size=&#8221;&#8221;][\/vc_tta_section][vc_tta_section title=&#8221;Fr\u00fchling&#8221; tab_id=&#8221;1701242166831-1cc3f93e-5c21&#8243;][vc_gallery type=&#8221;image_grid&#8221; images=&#8221;414,2418,2417&#8243; img_size=&#8221;&#8221;][\/vc_tta_section][vc_tta_section title=&#8221;Sommer&#8221; tab_id=&#8221;1701242166867-311de35f-1861&#8243;][vc_gallery type=&#8221;image_grid&#8221; images=&#8221;2417,2415,2414,2413,400&#8243; img_size=&#8221;&#8221;][\/vc_tta_section][vc_tta_section title=&#8221;Herbst&#8221; tab_id=&#8221;1701242166896-491eb606-837b&#8221;][vc_gallery type=&#8221;image_grid&#8221; images=&#8221;2422,2421,2423&#8243; img_size=&#8221;&#8221;][\/vc_tta_section][vc_tta_section title=&#8221;Winter&#8221; tab_id=&#8221;1701242166931-cf19dbf1-f2a1&#8243;][vc_gallery type=&#8221;image_grid&#8221; images=&#8221;417,2419,2420&#8243; img_size=&#8221;&#8221;][\/vc_tta_section][\/vc_tta_tabs][vc_row_inner][vc_column_inner width=&#8221;1\/2&#8243;][vc_custom_heading text=&#8221;Unser Speiseraum&#8221; font_container=&#8221;tag:p|font_size:30px|text_align:left|color:%23000000&#8243; use_theme_fonts=&#8221;yes&#8221; el_class=&#8221;line-before&#8221; css=&#8221;.vc_custom_1701243891064{margin-bottom: 21px !important;}&#8221;][vc_column_text]Die R\u00e4umlichkeiten zur Einnahme der Speisen wurden im Schuljahr 2008\/09 grundlegend saniert. Seit 2014\/15 k\u00f6nnen wir auch eine neue Bestuhlung und neue Tische unser nennen. So macht das Mittagessen Lehrern und Kindern noch mehr Spa\u00df. LECKER! Nach dem Abschluss der Sanierung 2023 ist der Speiseraum noch attraktiver geworden.[\/vc_column_text][vc_single_image image=&#8221;2790&#8243; img_size=&#8221;large&#8221;][\/vc_column_inner][vc_column_inner width=&#8221;1\/2&#8243;][vc_custom_heading text=&#8221;Unser Sportplatz und Sporthalle&#8221; font_container=&#8221;tag:p|font_size:30px|text_align:left|color:%23000000&#8243; use_theme_fonts=&#8221;yes&#8221; el_class=&#8221;line-before&#8221; css=&#8221;.vc_custom_1701243902818{margin-bottom: 21px !important;}&#8221;][vc_column_text]Die GS Crossen verf\u00fcgt \u00fcber einen eigenen Sportplatz und eine Sporthalle. Die Sporthalle wird von den Sch\u00fclern auch f\u00fcr Schulauff\u00fchrungen und die Schulanfangsfeier genutzt. Auf dem Sportplatz findet in jedem Schuljahr das Sportfest statt.[\/vc_column_text][vc_single_image image=&#8221;2425&#8243; img_size=&#8221;large&#8221;][\/vc_column_inner][\/vc_row_inner][vc_row_inner][vc_column_inner][vc_custom_heading text=&#8221;Unser Au\u00dfengel\u00e4nde&#8221; font_container=&#8221;tag:p|font_size:30px|text_align:left|color:%23000000&#8243; use_theme_fonts=&#8221;yes&#8221; el_class=&#8221;line-before&#8221; css=&#8221;.vc_custom_1701243929343{margin-bottom: 21px !important;}&#8221;][vc_column_text][\/vc_column_text][vc_column_text]Besonders gern von wird von den Kindern in den warmen Monaten das &#8221; Klassenzimmer im Gr\u00fcnen\u201c,genutzt\u00a0\u00a0 . Nicht zu verachten ist nat\u00fcrlich nach wie vor tolles Spielger\u00e4t und der neu gestaltete Schulgarten mit den Hochbeeten. Erste Ernteerfolge wurden schon erzielt : u.a. Kartoffeln und viele verschiedene Kr\u00e4uter.[\/vc_column_text][vc_gallery interval=&#8221;3&#8243; images=&#8221;284,2424,334,2798,2799,2801,2802,2803&#8243; img_size=&#8221;full&#8221; onclick=&#8221;&#8221;][\/vc_column_inner][\/vc_row_inner][\/vc_column][\/vc_row]<\/p>\n<\/div>","protected":false},"excerpt":{"rendered":"<p>[vc_row css=&#8221;.vc_custom_1699873096877{background-color: rgba(255,255,255,0.86) !important;*background-color: rgb(255,255,255) !important;}&#8221;][vc_column][vc_row_inner][vc_column_inner][vc_single_image image=&#8221;375&#8243; img_size=&#8221;full&#8221;][\/vc_column_inner][\/vc_row_inner][vc_row_inner][vc_column_inner width=&#8221;1\/2&#8243;][vc_custom_heading text=&#8221;UNSERE SCHULE&#8221; use_theme_fonts=&#8221;yes&#8221; el_class=&#8221;highlight-text&#8221; css=&#8221;.vc_custom_1700562111286{margin-bottom: 9px !important;}&#8221;][\/vc_column_inner][vc_column_inner width=&#8221;1\/2&#8243;][vc_custom_heading text=&#8221;Nach der langwierigen Sanierung unseres Schulgeb\u00e4udes ab 2019 und des Au\u00dfengel\u00e4ndes in Zusammenhang mit der Neuerrichtung des chicen Hortanbaus entstand ebenso ein tolles Au\u00dfengel\u00e4nde . Dieses wird von unserer Sch\u00fclerschaft am Vormittag und&nbsp;<a href=\"https:\/\/gscrossen.de\/?page_id=2629\">&hellip;<\/a><\/p>\n","protected":false},"author":1,"featured_media":0,"parent":0,"menu_order":0,"comment_status":"closed","ping_status":"closed","template":"template-fullwidth.php","meta":{"_acf_changed":false,"footnotes":""},"class_list":["post-2629","page","type-page","status-publish","hentry","odd"],"acf":[],"_links":{"self":[{"href":"https:\/\/gscrossen.de\/index.php?rest_route=\/wp\/v2\/pages\/2629","targetHints":{"allow":["GET"]}}],"collection":[{"href":"https:\/\/gscrossen.de\/index.php?rest_route=\/wp\/v2\/pages"}],"about":[{"href":"https:\/\/gscrossen.de\/index.php?rest_route=\/wp\/v2\/types\/page"}],"author":[{"embeddable":true,"href":"https:\/\/gscrossen.de\/index.php?rest_route=\/wp\/v2\/users\/1"}],"replies":[{"embeddable":true,"href":"https:\/\/gscrossen.de\/index.php?rest_route=%2Fwp%2Fv2%2Fcomments&post=2629"}],"version-history":[{"count":88,"href":"https:\/\/gscrossen.de\/index.php?rest_route=\/wp\/v2\/pages\/2629\/revisions"}],"predecessor-version":[{"id":2926,"href":"https:\/\/gscrossen.de\/index.php?rest_route=\/wp\/v2\/pages\/2629\/revisions\/2926"}],"wp:attachment":[{"href":"https:\/\/gscrossen.de\/index.php?rest_route=%2Fwp%2Fv2%2Fmedia&parent=2629"}],"curies":[{"name":"wp","href":"https:\/\/api.w.org\/{rel}","templated":true}]}}