{"id":204,"date":"2017-02-14T08:33:57","date_gmt":"2017-02-14T08:33:57","guid":{"rendered":"http:\/\/ed.aislinthemes.com\/?page_id=664"},"modified":"2024-01-19T08:23:43","modified_gmt":"2024-01-19T08:23:43","slug":"programs","status":"publish","type":"page","link":"https:\/\/gscrossen.de\/?page_id=204","title":{"rendered":"Schulprogramm"},"content":{"rendered":"<div class=\"wpb-content-wrapper\"><p>[vc_row css=&#8221;.vc_custom_1699873096877{background-color: rgba(255,255,255,0.86) !important;*background-color: rgb(255,255,255) !important;}&#8221;][vc_column][vc_row_inner][vc_column_inner][vc_single_image image=&#8221;375&#8243; img_size=&#8221;full&#8221;][\/vc_column_inner][\/vc_row_inner][vc_row_inner][vc_column_inner width=&#8221;1\/2&#8243;][vc_custom_heading text=&#8221;<em>UNSER<\/em> SCHULPROGRAMM&#8221; use_theme_fonts=&#8221;yes&#8221; el_class=&#8221;highlight-text&#8221; css=&#8221;.vc_custom_1700559610516{margin-bottom: 9px !important;}&#8221;][\/vc_column_inner][vc_column_inner width=&#8221;1\/2&#8243;][vc_custom_heading text=&#8221;Leitsatz<\/p>\n<p>\u201eDie Arbeit des Erziehers gleicht der eines G\u00e4rtners, der verschiedene Pflanzen pflegt. Eine Pflanze liebt den strahlenden Sonnenschein, die andere den k\u00fchlen Schatten; die eine liebt das Bachufer, die andere die d\u00fcrre Bergspitze. Die eine gedeiht am besten auf sandigem Boden, die andere im fetten Lehm. Jede muss die ihrer Art angemessene Pflege haben, anderenfalls bleibt ihre Vollendung unbefriedigend.\u201c<\/p>\n<p>(Abbas Effendi (1844-1921), arab. Schriftgelehrter)<br \/>\nAktuelles Schulprogramm der Grundschule Crossen:<\/p>\n<p>Das Schulprogramm wird derzeit aktualisiert und steht bald wieder zur Verf\u00fcgung.&#8221; font_container=&#8221;tag:p|font_size:16px|text_align:left|line_height:27px&#8221; use_theme_fonts=&#8221;yes&#8221;][\/vc_column_inner][\/vc_row_inner][vc_empty_space height=&#8221;2em&#8221;][vc_row_inner css=&#8221;.vc_custom_1700560799304{background-color: #83c9c9 !important;}&#8221;][vc_column_inner width=&#8221;1\/2&#8243;][vc_column_text]<\/p>\n<h3>Hier kommen Sie zu unserer<\/h3>\n<h3>aktuellen Hausordnung<\/h3>\n<p>[\/vc_column_text][vc_column_text]<\/p>\n<div class=\"shortcode\">\n<div\n    class='wp-block-pdfp-pdf-poster  alignnone'\n    id='block-2'\n    data-attributes='{&quot;uniqueId&quot;:&quot;pdfp1&quot;,&quot;file&quot;:&quot;https:\\\/\\\/gscrossen.de\\\/wp-content\\\/uploads\\\/2024\\\/01\\\/aktuelle-Hausordnung-20222023.pdf&quot;,&quot;title&quot;:&quot;Hausordnung&quot;,&quot;height&quot;:&quot;842px&quot;,&quot;width&quot;:&quot;100%&quot;,&quot;print&quot;:true,&quot;fullscreenButton&quot;:true,&quot;newWindow&quot;:true,&quot;showName&quot;:false,&quot;downloadButton&quot;:true,&quot;downloadButtonText&quot;:&quot;Download File&quot;,&quot;protect&quot;:false,&quot;onlyPDF&quot;:false,&quot;defaultBrowser&quot;:false,&quot;thumbMenu&quot;:true,&quot;sidebarOpen&quot;:true,&quot;lastVersion&quot;:false,&quot;hrScroll&quot;:false,&quot;alert&quot;:true,&quot;btnStyles&quot;:{&quot;background&quot;:&quot;#1e73be&quot;,&quot;color&quot;:&quot;#fff&quot;,&quot;fontSize&quot;:&quot;1rem&quot;,&quot;padding&quot;:{&quot;top&quot;:10,&quot;right&quot;:20,&quot;bottom&quot;:10,&quot;left&quot;:10}},&quot;popupOptions&quot;:{&quot;enabled&quot;:0,&quot;text&quot;:&quot;Open PDF&quot;,&quot;triggerType&quot;:&quot;button&quot;,&quot;image&quot;:&quot;&quot;,&quot;imageHeight&quot;:&quot;200px&quot;,&quot;imageWidth&quot;:&quot;300px&quot;,&quot;imagePdfIcon&quot;:true,&quot;triggerAlignment&quot;:&quot;center&quot;,&quot;btnStyle&quot;:{&quot;background&quot;:&quot;#1e73be&quot;,&quot;color&quot;:&quot;#fff&quot;,&quot;fontSize&quot;:&quot;1rem&quot;,&quot;padding&quot;:{&quot;top&quot;:10,&quot;right&quot;:20,&quot;bottom&quot;:10,&quot;left&quot;:10}}},&quot;actionsPosition&quot;:&quot;top&quot;,&quot;socialShare&quot;:{&quot;enabled&quot;:false,&quot;facebook&quot;:false,&quot;twitter&quot;:false,&quot;linkedin&quot;:false,&quot;pinterest&quot;:false,&quot;position&quot;:&quot;top&quot;},&quot;adobeEmbedder&quot;:false,&quot;align&quot;:&quot;none&quot;,&quot;alignment&quot;:&quot;left&quot;,&quot;titleFontSize&quot;:&quot;16px&quot;,&quot;fullscreenButtonText&quot;:&quot;View Fullscreen&quot;,&quot;initialPage&quot;:0,&quot;isHideRightToolbar&quot;:false,&quot;additional&quot;:{&quot;ID&quot;:&quot;&quot;,&quot;Class&quot;:&quot;&quot;,&quot;CSS&quot;:&quot;&quot;},&quot;adobeOptions&quot;:{&quot;showDownloadPDF&quot;:true,&quot;showPrintPDF&quot;:true,&quot;showAnnotationTools&quot;:true,&quot;showFullScreen&quot;:false,&quot;embedMode&quot;:&quot;SIZED_CONTAINER&quot;},&quot;popupBtnStyle&quot;:{&quot;background&quot;:&quot;#2271b1&quot;,&quot;color&quot;:&quot;#fff&quot;,&quot;padding&quot;:{&quot;top&quot;:10,&quot;right&quot;:20,&quot;bottom&quot;:10,&quot;left&quot;:10}},&quot;popupBtnText&quot;:&quot;Open Document&quot;,&quot;CSS&quot;:&quot;&quot;,&quot;isPremium&quot;:false}'\n    style=\"text-align: left\">\n    \n        <iframe loading=\"lazy\" title=\"Hausordnung\" style=\"border:0;\" width=\"100%\" height=\"800px\" class=\"pdfp_unsupported_frame\" src=\"\/\/docs.google.com\/gview?embedded=true&url=https:\/\/gscrossen.de\/wp-content\/uploads\/2024\/01\/aktuelle-Hausordnung-20222023.pdf\"><\/iframe>\n\n    <\/div>\n<\/div>\n<p>[\/vc_column_text][vc_column_text][\/vc_column_text][\/vc_column_inner][vc_column_inner width=&#8221;1\/2&#8243;][vc_custom_heading text=&#8221;Unser Schulalltag&#8221; font_container=&#8221;tag:p|font_size:30px|text_align:left|color:%23000000&#8243; use_theme_fonts=&#8221;yes&#8221; el_class=&#8221;line-before&#8221; css=&#8221;.vc_custom_1701243797858{margin-bottom: 21px !important;}&#8221;][vc_custom_heading text=&#8221;Mit dem Klingeln zum Unterricht beginnt f\u00fcr die Sch\u00fcler der Grundschule Crossen der Schultag. In den Pausen haben die Kinder die M\u00f6glichkeit ihr Fr\u00fchst\u00fcck einzunehmen, Gespr\u00e4che mit ihren Mitsch\u00fclern und Lehrerinnen zu f\u00fchren oder zu spielen.&#8221; font_container=&#8221;tag:p|font_size:20px|text_align:left|color:%23000000&#8243; use_theme_fonts=&#8221;yes&#8221; css=&#8221;.vc_custom_1701243207189{margin-bottom: 21px !important;}&#8221;][vc_custom_heading text=&#8221;Unterrichtszeiten&#8221; font_container=&#8221;tag:p|font_size:30px|text_align:left|color:%23000000&#8243; use_theme_fonts=&#8221;yes&#8221; el_class=&#8221;line-before&#8221; css=&#8221;.vc_custom_1701243805691{margin-bottom: 21px !important;}&#8221;][vc_column_text]<\/p>\n<table class=\" alignleft\" style=\"height: 342px;\" width=\"563\">\n<tbody>\n<tr>\n<td><span style=\"color: #000000;\">1. Stunde<\/span><\/td>\n<td><span style=\"color: #000000;\">7.45 \u2013 8.30 Uhr<\/span><\/td>\n<td><\/td>\n<\/tr>\n<tr>\n<td><span style=\"color: #000000;\">2. Stunde<\/span><\/td>\n<td><span style=\"color: #000000;\">8.40 \u2013 9.25 Uhr<\/span><\/td>\n<td><\/td>\n<\/tr>\n<tr>\n<td><span style=\"color: #000000;\">3. Stunde<\/span><\/td>\n<td><span style=\"color: #000000;\">9.35 \u2013 10.20 Uhr<\/span><\/td>\n<td><span style=\"color: #000000;\">1.Ess-oder Aktivpause<\/span><\/td>\n<\/tr>\n<tr>\n<td><span style=\"color: #000000;\">4. Stunde<\/span><\/td>\n<td><span style=\"color: #000000;\">10.40 \u2013 11.25 Uhr<\/span><\/td>\n<td><span style=\"color: #000000;\">2.Ess-oder Aktivpause<\/span><\/td>\n<\/tr>\n<tr>\n<td><span style=\"color: #000000;\">5. Stunde<\/span><\/td>\n<td><span style=\"color: #000000;\">11.45 \u2013 12.30 Uhr<\/span><\/td>\n<td><\/td>\n<\/tr>\n<tr>\n<td><span style=\"color: #000000;\">6. Stunde<\/span><\/td>\n<td><span style=\"color: #000000;\">12.35 \u2013 13.20 Uhr<\/span><\/td>\n<td><\/td>\n<\/tr>\n<\/tbody>\n<\/table>\n<p>[\/vc_column_text][vc_empty_space height=&#8221;1em&#8221;][\/vc_column_inner][\/vc_row_inner][vc_row_inner css=&#8221;.vc_custom_1700560789177{background-color: #83c9c9 !important;}&#8221;][vc_column_inner][vc_column_text el_class=&#8221;schrift_bunt&#8221;]Jede Klasse verf\u00fcgt \u00fcber eine eigene Spielkiste.<br \/>\nDie Kinder nutzen die Spielsachen w\u00e4hrend der Hofpause eigenst\u00e4ndig.<br \/>\nAu\u00dferdem k\u00f6nnen sie B\u00fccher in der Bibliothek ausleihen. In den 2 gro\u00dfen Pausen besteht ebenso die M\u00f6glichkeit das Mittagessen einzunehmen.<\/p>\n<p><img loading=\"lazy\" decoding=\"async\" class=\"alignnone size-medium wp-image-2424\" src=\"https:\/\/gscrossen.de\/wp-content\/uploads\/2016\/09\/Schulhof-1-300x225.jpg\" alt=\"\" width=\"300\" height=\"225\" srcset=\"https:\/\/gscrossen.de\/wp-content\/uploads\/2016\/09\/Schulhof-1-300x225.jpg 300w, https:\/\/gscrossen.de\/wp-content\/uploads\/2016\/09\/Schulhof-1.jpg 1000w\" sizes=\"auto, (max-width: 300px) 100vw, 300px\" \/>[\/vc_column_text][\/vc_column_inner][\/vc_row_inner][vc_row_inner][vc_column_inner width=&#8221;1\/2&#8243;][\/vc_column_inner][\/vc_row_inner][vc_row_inner][vc_column_inner width=&#8221;1\/2&#8243;][\/vc_column_inner][vc_column_inner width=&#8221;1\/2&#8243;][\/vc_column_inner][\/vc_row_inner][\/vc_column][\/vc_row]<\/p>\n<\/div>","protected":false},"excerpt":{"rendered":"<p>[vc_row css=&#8221;.vc_custom_1699873096877{background-color: rgba(255,255,255,0.86) !important;*background-color: rgb(255,255,255) !important;}&#8221;][vc_column][vc_row_inner][vc_column_inner][vc_single_image image=&#8221;375&#8243; img_size=&#8221;full&#8221;][\/vc_column_inner][\/vc_row_inner][vc_row_inner][vc_column_inner width=&#8221;1\/2&#8243;][vc_custom_heading text=&#8221;UNSER SCHULPROGRAMM&#8221; use_theme_fonts=&#8221;yes&#8221; el_class=&#8221;highlight-text&#8221; css=&#8221;.vc_custom_1700559610516{margin-bottom: 9px !important;}&#8221;][\/vc_column_inner][vc_column_inner width=&#8221;1\/2&#8243;][vc_custom_heading text=&#8221;Leitsatz \u201eDie Arbeit des Erziehers gleicht der eines G\u00e4rtners, der verschiedene Pflanzen pflegt. Eine Pflanze liebt den strahlenden Sonnenschein, die andere den k\u00fchlen Schatten; die eine liebt das Bachufer, die andere die d\u00fcrre&nbsp;<a href=\"https:\/\/gscrossen.de\/?page_id=204\">&hellip;<\/a><\/p>\n","protected":false},"author":1,"featured_media":0,"parent":0,"menu_order":7,"comment_status":"closed","ping_status":"closed","template":"template-fullwidth.php","meta":{"_acf_changed":false,"footnotes":""},"class_list":["post-204","page","type-page","status-publish","hentry","odd"],"acf":[],"_links":{"self":[{"href":"https:\/\/gscrossen.de\/index.php?rest_route=\/wp\/v2\/pages\/204","targetHints":{"allow":["GET"]}}],"collection":[{"href":"https:\/\/gscrossen.de\/index.php?rest_route=\/wp\/v2\/pages"}],"about":[{"href":"https:\/\/gscrossen.de\/index.php?rest_route=\/wp\/v2\/types\/page"}],"author":[{"embeddable":true,"href":"https:\/\/gscrossen.de\/index.php?rest_route=\/wp\/v2\/users\/1"}],"replies":[{"embeddable":true,"href":"https:\/\/gscrossen.de\/index.php?rest_route=%2Fwp%2Fv2%2Fcomments&post=204"}],"version-history":[{"count":28,"href":"https:\/\/gscrossen.de\/index.php?rest_route=\/wp\/v2\/pages\/204\/revisions"}],"predecessor-version":[{"id":2970,"href":"https:\/\/gscrossen.de\/index.php?rest_route=\/wp\/v2\/pages\/204\/revisions\/2970"}],"wp:attachment":[{"href":"https:\/\/gscrossen.de\/index.php?rest_route=%2Fwp%2Fv2%2Fmedia&parent=204"}],"curies":[{"name":"wp","href":"https:\/\/api.w.org\/{rel}","templated":true}]}}